{"id":1651,"date":"2016-07-11T10:19:52","date_gmt":"2016-07-11T08:19:52","guid":{"rendered":"http:\/\/v2.tercognita.com\/en\/?page_id=1651"},"modified":"2021-07-12T16:38:35","modified_gmt":"2021-07-12T14:38:35","slug":"legal-notice","status":"publish","type":"page","link":"https:\/\/www.tercognita.com\/en\/legal-notice\/","title":{"rendered":"Legal notice"},"content":{"rendered":"<div class=\"fusion-fullwidth fullwidth-box fusion-builder-row-1 hundred-percent-fullwidth non-hundred-percent-height-scrolling\" style=\"background-color: rgba(255,255,255,0);background-position: center center;background-repeat: no-repeat;padding-top:0px;padding-right:30px;padding-bottom:0px;padding-left:30px;margin-bottom: 0px;margin-top: 0px;border-width: 0px 0px 0px 0px;border-color:#eae9e9;border-style:solid;\" ><div class=\"fusion-builder-row fusion-row\"><div class=\"fusion-layout-column fusion_builder_column fusion-builder-column-0 fusion_builder_column_1_1 1_1 fusion-one-full fusion-column-first fusion-column-last\" style=\"margin-top:10px;margin-bottom:20px;\"><div class=\"fusion-column-wrapper fusion-flex-column-wrapper-legacy\" style=\"background-position:left top;background-repeat:no-repeat;-webkit-background-size:cover;-moz-background-size:cover;-o-background-size:cover;background-size:cover;padding: 0px 0px 0px 0px;\"><div class=\"fusion-text fusion-text-1\"><p><strong><a href=\"https:\/\/www.tercognita.com\/wp-content\/uploads\/2016\/06\/terco-logo-detour.png\"><img decoding=\"async\" class=\"alignnone size-full wp-image-1137\" src=\"https:\/\/www.tercognita.com\/wp-content\/uploads\/2016\/06\/terco-logo-detour.png\" alt=\"terco-logo-detour\" width=\"750\" height=\"156\" \/><\/a><\/strong><\/p>\n<p><strong>Head<\/strong> <strong>Quarters<\/strong> : 41 rue d&#8217;Aguesseau &#8211; 92100 BOULOGNE<\/p>\n<p><strong>Telephone\u00a0<\/strong>: +33(0)1.48.25.54.12 ou +33(0)1.48.25.93.33<br \/>\n<strong>Fax<\/strong>: +33(0)1.48.25.97.60<\/p>\n<p>Limited Liability Company. Capital 8,000 euros<br \/>\nRegistred In Nanterre &#8211; France n\u00b0 482\u00a0620 622<br \/>\nLegal capacity n\u00b006920210 \u2013 Boulogne France<\/p>\n<\/div><div class=\"fusion-text fusion-text-2\"><p><strong>Editor<\/strong> : Isabelle Corthier<\/p>\n<p><strong>Website design and hosting\u00a0 <\/strong>:\u00a0Webstore limited Company<br \/>\n<strong>Webstore Limited Liability Company. Head Quarters\u00a0<\/strong>: 12 rue de Russie \u2013 06000 Nice &#8211; France<br \/>\nRegistred in Nice n\u00b0402 625 909<br \/>\n<strong>SIRET<\/strong> :\u00a0402 625 909 00013<br \/>\n<strong>N\u00b0 de TVA Intracommunautaire <\/strong>:\u00a0FR 80 402 625 909<\/p>\n<p><strong>Webmaster<\/strong> :\u00a0Fr\u00e9d\u00e9ric FILLON<br \/>\nWebstore is a registred trademark of Webstore sarl<\/p>\n<p>Ter Cognita, Editor of this website, does not allow any copying of any kind coming from this website; This website is a Master Data Base and is managed under the Intellectual and Industrial Property Law<\/p>\n<\/div><div class=\"fusion-clearfix\"><\/div><\/div><\/div><\/div><style type=\"text\/css\">.fusion-fullwidth.fusion-builder-row-1 { overflow:visible; }<\/style><\/div>\n","protected":false},"excerpt":{"rendered":"","protected":false},"author":1,"featured_media":0,"parent":0,"menu_order":0,"comment_status":"closed","ping_status":"closed","template":"","meta":{"footnotes":""},"class_list":["post-1651","page","type-page","status-publish","hentry"],"yoast_head":"<!-- This site is optimized with the Yoast SEO plugin v25.7 - https:\/\/yoast.com\/wordpress\/plugins\/seo\/ -->\n<title>Legal notice - TER COGNITA<\/title>\n<meta name=\"robots\" content=\"index, follow, max-snippet:-1, max-image-preview:large, max-video-preview:-1\" \/>\n<link rel=\"canonical\" href=\"https:\/\/www.tercognita.com\/en\/legal-notice\/\" \/>\n<meta property=\"og:locale\" content=\"en_US\" \/>\n<meta property=\"og:type\" content=\"article\" \/>\n<meta property=\"og:title\" content=\"Legal notice - TER COGNITA\" \/>\n<meta property=\"og:url\" content=\"https:\/\/www.tercognita.com\/en\/legal-notice\/\" \/>\n<meta property=\"og:site_name\" content=\"TER COGNITA\" \/>\n<meta property=\"article:modified_time\" content=\"2021-07-12T14:38:35+00:00\" \/>\n<meta property=\"og:image\" content=\"https:\/\/www.tercognita.com\/wp-content\/uploads\/2016\/06\/terco-logo-detour.png\" \/>\n<meta name=\"twitter:card\" content=\"summary_large_image\" \/>\n<meta name=\"twitter:label1\" content=\"Est. reading time\" \/>\n\t<meta name=\"twitter:data1\" content=\"1 minute\" \/>\n<script type=\"application\/ld+json\" class=\"yoast-schema-graph\">{\"@context\":\"https:\/\/schema.org\",\"@graph\":[{\"@type\":\"WebPage\",\"@id\":\"https:\/\/www.tercognita.com\/en\/legal-notice\/\",\"url\":\"https:\/\/www.tercognita.com\/en\/legal-notice\/\",\"name\":\"Legal notice - TER COGNITA\",\"isPartOf\":{\"@id\":\"https:\/\/www.tercognita.com\/#website\"},\"primaryImageOfPage\":{\"@id\":\"https:\/\/www.tercognita.com\/en\/legal-notice\/#primaryimage\"},\"image\":{\"@id\":\"https:\/\/www.tercognita.com\/en\/legal-notice\/#primaryimage\"},\"thumbnailUrl\":\"https:\/\/www.tercognita.com\/wp-content\/uploads\/2016\/06\/terco-logo-detour.png\",\"datePublished\":\"2016-07-11T08:19:52+00:00\",\"dateModified\":\"2021-07-12T14:38:35+00:00\",\"breadcrumb\":{\"@id\":\"https:\/\/www.tercognita.com\/en\/legal-notice\/#breadcrumb\"},\"inLanguage\":\"en-US\",\"potentialAction\":[{\"@type\":\"ReadAction\",\"target\":[\"https:\/\/www.tercognita.com\/en\/legal-notice\/\"]}]},{\"@type\":\"ImageObject\",\"inLanguage\":\"en-US\",\"@id\":\"https:\/\/www.tercognita.com\/en\/legal-notice\/#primaryimage\",\"url\":\"https:\/\/www.tercognita.com\/wp-content\/uploads\/2016\/06\/terco-logo-detour.png\",\"contentUrl\":\"https:\/\/www.tercognita.com\/wp-content\/uploads\/2016\/06\/terco-logo-detour.png\"},{\"@type\":\"BreadcrumbList\",\"@id\":\"https:\/\/www.tercognita.com\/en\/legal-notice\/#breadcrumb\",\"itemListElement\":[{\"@type\":\"ListItem\",\"position\":1,\"name\":\"Accueil\",\"item\":\"https:\/\/www.tercognita.com\/en\/\"},{\"@type\":\"ListItem\",\"position\":2,\"name\":\"Legal notice\"}]},{\"@type\":\"WebSite\",\"@id\":\"https:\/\/www.tercognita.com\/#website\",\"url\":\"https:\/\/www.tercognita.com\/\",\"name\":\"TER COGNITA\",\"description\":\"De l\u2019investissement priv\u00e9 \u00e0 la strat\u00e9gie immobili\u00e8re des grandes entreprises,\",\"publisher\":{\"@id\":\"https:\/\/www.tercognita.com\/#organization\"},\"potentialAction\":[{\"@type\":\"SearchAction\",\"target\":{\"@type\":\"EntryPoint\",\"urlTemplate\":\"https:\/\/www.tercognita.com\/?s={search_term_string}\"},\"query-input\":{\"@type\":\"PropertyValueSpecification\",\"valueRequired\":true,\"valueName\":\"search_term_string\"}}],\"inLanguage\":\"en-US\"},{\"@type\":\"Organization\",\"@id\":\"https:\/\/www.tercognita.com\/#organization\",\"name\":\"TER COGNITA\",\"url\":\"https:\/\/www.tercognita.com\/\",\"logo\":{\"@type\":\"ImageObject\",\"inLanguage\":\"en-US\",\"@id\":\"https:\/\/www.tercognita.com\/#\/schema\/logo\/image\/\",\"url\":\"https:\/\/www.tercognita.com\/wp-content\/uploads\/2016\/08\/cropped-logo-512-1.png\",\"contentUrl\":\"https:\/\/www.tercognita.com\/wp-content\/uploads\/2016\/08\/cropped-logo-512-1.png\",\"width\":512,\"height\":512,\"caption\":\"TER COGNITA\"},\"image\":{\"@id\":\"https:\/\/www.tercognita.com\/#\/schema\/logo\/image\/\"}}]}<\/script>\n<!-- \/ Yoast SEO plugin. -->","yoast_head_json":{"title":"Legal notice - TER COGNITA","robots":{"index":"index","follow":"follow","max-snippet":"max-snippet:-1","max-image-preview":"max-image-preview:large","max-video-preview":"max-video-preview:-1"},"canonical":"https:\/\/www.tercognita.com\/en\/legal-notice\/","og_locale":"en_US","og_type":"article","og_title":"Legal notice - TER COGNITA","og_url":"https:\/\/www.tercognita.com\/en\/legal-notice\/","og_site_name":"TER COGNITA","article_modified_time":"2021-07-12T14:38:35+00:00","og_image":[{"url":"https:\/\/www.tercognita.com\/wp-content\/uploads\/2016\/06\/terco-logo-detour.png","type":"","width":"","height":""}],"twitter_card":"summary_large_image","twitter_misc":{"Est. reading time":"1 minute"},"schema":{"@context":"https:\/\/schema.org","@graph":[{"@type":"WebPage","@id":"https:\/\/www.tercognita.com\/en\/legal-notice\/","url":"https:\/\/www.tercognita.com\/en\/legal-notice\/","name":"Legal notice - TER COGNITA","isPartOf":{"@id":"https:\/\/www.tercognita.com\/#website"},"primaryImageOfPage":{"@id":"https:\/\/www.tercognita.com\/en\/legal-notice\/#primaryimage"},"image":{"@id":"https:\/\/www.tercognita.com\/en\/legal-notice\/#primaryimage"},"thumbnailUrl":"https:\/\/www.tercognita.com\/wp-content\/uploads\/2016\/06\/terco-logo-detour.png","datePublished":"2016-07-11T08:19:52+00:00","dateModified":"2021-07-12T14:38:35+00:00","breadcrumb":{"@id":"https:\/\/www.tercognita.com\/en\/legal-notice\/#breadcrumb"},"inLanguage":"en-US","potentialAction":[{"@type":"ReadAction","target":["https:\/\/www.tercognita.com\/en\/legal-notice\/"]}]},{"@type":"ImageObject","inLanguage":"en-US","@id":"https:\/\/www.tercognita.com\/en\/legal-notice\/#primaryimage","url":"https:\/\/www.tercognita.com\/wp-content\/uploads\/2016\/06\/terco-logo-detour.png","contentUrl":"https:\/\/www.tercognita.com\/wp-content\/uploads\/2016\/06\/terco-logo-detour.png"},{"@type":"BreadcrumbList","@id":"https:\/\/www.tercognita.com\/en\/legal-notice\/#breadcrumb","itemListElement":[{"@type":"ListItem","position":1,"name":"Accueil","item":"https:\/\/www.tercognita.com\/en\/"},{"@type":"ListItem","position":2,"name":"Legal notice"}]},{"@type":"WebSite","@id":"https:\/\/www.tercognita.com\/#website","url":"https:\/\/www.tercognita.com\/","name":"TER COGNITA","description":"De l\u2019investissement priv\u00e9 \u00e0 la strat\u00e9gie immobili\u00e8re des grandes entreprises,","publisher":{"@id":"https:\/\/www.tercognita.com\/#organization"},"potentialAction":[{"@type":"SearchAction","target":{"@type":"EntryPoint","urlTemplate":"https:\/\/www.tercognita.com\/?s={search_term_string}"},"query-input":{"@type":"PropertyValueSpecification","valueRequired":true,"valueName":"search_term_string"}}],"inLanguage":"en-US"},{"@type":"Organization","@id":"https:\/\/www.tercognita.com\/#organization","name":"TER COGNITA","url":"https:\/\/www.tercognita.com\/","logo":{"@type":"ImageObject","inLanguage":"en-US","@id":"https:\/\/www.tercognita.com\/#\/schema\/logo\/image\/","url":"https:\/\/www.tercognita.com\/wp-content\/uploads\/2016\/08\/cropped-logo-512-1.png","contentUrl":"https:\/\/www.tercognita.com\/wp-content\/uploads\/2016\/08\/cropped-logo-512-1.png","width":512,"height":512,"caption":"TER COGNITA"},"image":{"@id":"https:\/\/www.tercognita.com\/#\/schema\/logo\/image\/"}}]}},"_links":{"self":[{"href":"https:\/\/www.tercognita.com\/en\/wp-json\/wp\/v2\/pages\/1651","targetHints":{"allow":["GET"]}}],"collection":[{"href":"https:\/\/www.tercognita.com\/en\/wp-json\/wp\/v2\/pages"}],"about":[{"href":"https:\/\/www.tercognita.com\/en\/wp-json\/wp\/v2\/types\/page"}],"author":[{"embeddable":true,"href":"https:\/\/www.tercognita.com\/en\/wp-json\/wp\/v2\/users\/1"}],"replies":[{"embeddable":true,"href":"https:\/\/www.tercognita.com\/en\/wp-json\/wp\/v2\/comments?post=1651"}],"version-history":[{"count":3,"href":"https:\/\/www.tercognita.com\/en\/wp-json\/wp\/v2\/pages\/1651\/revisions"}],"predecessor-version":[{"id":2057,"href":"https:\/\/www.tercognita.com\/en\/wp-json\/wp\/v2\/pages\/1651\/revisions\/2057"}],"wp:attachment":[{"href":"https:\/\/www.tercognita.com\/en\/wp-json\/wp\/v2\/media?parent=1651"}],"curies":[{"name":"wp","href":"https:\/\/api.w.org\/{rel}","templated":true}]}}