{"id":1633,"date":"2016-07-11T09:29:16","date_gmt":"2016-07-11T07:29:16","guid":{"rendered":"http:\/\/v2.tercognita.com\/en\/?page_id=1633"},"modified":"2021-07-12T16:38:36","modified_gmt":"2021-07-12T14:38:36","slug":"asset-property-management","status":"publish","type":"page","link":"https:\/\/www.tercognita.com\/en\/asset-property-management\/","title":{"rendered":"Asset &#038; property management"},"content":{"rendered":"<div class=\"fusion-fullwidth fullwidth-box fusion-builder-row-1 hundred-percent-fullwidth non-hundred-percent-height-scrolling\" style=\"background-color: rgba(255,255,255,0);background-position: center center;background-repeat: no-repeat;padding-top:0px;padding-right:30px;padding-bottom:0px;padding-left:30px;margin-bottom: 0px;margin-top: 0px;border-width: 0px 0px 0px 0px;border-color:#eae9e9;border-style:solid;\" ><div class=\"fusion-builder-row fusion-row\"><div class=\"fusion-layout-column fusion_builder_column fusion-builder-column-0 fusion_builder_column_3_5 3_5 fusion-three-fifth fusion-column-first\" style=\"width:58.4%; margin-right: 4%;margin-top:20px;margin-bottom:20px;\"><div class=\"fusion-column-wrapper fusion-flex-column-wrapper-legacy\" style=\"background-position:left top;background-repeat:no-repeat;-webkit-background-size:cover;-moz-background-size:cover;-o-background-size:cover;background-size:cover;padding: 0px 0px 0px 0px;\"><div class=\"fusion-text fusion-text-1\"><p><span class=\"fusion-dropcap dropcap\">O<\/span>n the strength of our experience in the Company Property sector, we use strict work methods which provide the basis for our position as favored property consultants amongst large land owners and investors.<\/p>\n<p>Whether it is evaluation or disposal of assets, for each project we use the most suitable marketing tools and work in strict confidence.<\/p>\n<p>We build a partnership with our clients based on advice and trust.<\/p>\n<p>We provide them with a clear objective overview of their assets as well as the tools necessary to optimize them.<\/p>\n<p>Our task is also to seek out building land and buildings to redevelop.<\/p>\n<p>We check the various building possibilities with a precise report on the limitations imposed by diverse town-planning regulations, in relation to the administrative standing of the property, in order to examine the feasibility of the project and thus, to optimize its value.<\/p>\n<p>&nbsp;<\/p>\n<p>We then specify the most suitable promotion project, depending on the local development plan, in order to create a program for the development of housing, hotels, retirement homes or offices.<\/p>\n<p>In parallel, we find the professional with the best r\u00e9sum\u00e9, suitable for accomplishing the project.<\/p>\n<p>&nbsp;<\/p>\n<p>We advise and guide future purchasers in this process, not only in dealing with the sellers but also the administrative authorities, until completion of the sale.<\/p>\n<\/div><div class=\"fusion-clearfix\"><\/div><\/div><\/div><div class=\"fusion-layout-column fusion_builder_column fusion-builder-column-1 fusion_builder_column_2_5 2_5 fusion-two-fifth fusion-column-last\" style=\"width:37.6%;margin-top:0px;margin-bottom:20px;\"><div class=\"fusion-column-wrapper fusion-flex-column-wrapper-legacy\" style=\"background-position:left top;background-repeat:no-repeat;-webkit-background-size:cover;-moz-background-size:cover;-o-background-size:cover;background-size:cover;padding: 0px 0px 0px 0px;\"><div class=\"fusion-text fusion-text-2\"><h3>To sum up<\/h3>\n<p><strong>On behalf of owners :<\/strong><\/p>\n<ul>\n<li>Evaluation of high-end assets<\/li>\n<li>Disposal of assets<\/li>\n<li>Seeking out new developments<\/li>\n<li>Legal Guidance \u2013 Partnership with lawyers and Notaries<\/li>\n<\/ul>\n<p>&nbsp;<\/p>\n<p><strong>On behalf of investors :<\/strong><\/p>\n<ul>\n<li>Asset analysis<\/li>\n<li>Evaluation of assets<\/li>\n<li>Transfer of assets<\/li>\n<li>Seeking out acquisitions for third parties<\/li>\n<\/ul>\n<\/div><div class=\"fusion-clearfix\"><\/div><\/div><\/div><\/div><style type=\"text\/css\">.fusion-fullwidth.fusion-builder-row-1 { overflow:visible; }<\/style><\/div>\n","protected":false},"excerpt":{"rendered":"","protected":false},"author":1,"featured_media":0,"parent":0,"menu_order":0,"comment_status":"closed","ping_status":"closed","template":"","meta":{"footnotes":""},"class_list":["post-1633","page","type-page","status-publish","hentry"],"yoast_head":"<!-- This site is optimized with the Yoast SEO plugin v25.7 - https:\/\/yoast.com\/wordpress\/plugins\/seo\/ -->\n<title>Asset &amp; property management - TER COGNITA<\/title>\n<meta name=\"robots\" content=\"index, follow, max-snippet:-1, max-image-preview:large, max-video-preview:-1\" \/>\n<link rel=\"canonical\" href=\"https:\/\/www.tercognita.com\/en\/asset-property-management\/\" \/>\n<meta property=\"og:locale\" content=\"en_US\" \/>\n<meta property=\"og:type\" content=\"article\" \/>\n<meta property=\"og:title\" content=\"Asset &amp; property management - TER COGNITA\" \/>\n<meta property=\"og:url\" content=\"https:\/\/www.tercognita.com\/en\/asset-property-management\/\" \/>\n<meta property=\"og:site_name\" content=\"TER COGNITA\" \/>\n<meta property=\"article:modified_time\" content=\"2021-07-12T14:38:36+00:00\" \/>\n<meta property=\"og:image\" content=\"https:\/\/www.tercognita.com\/wp-content\/uploads\/2016\/08\/cropped-logo-512-1.png\" \/>\n\t<meta property=\"og:image:width\" content=\"512\" \/>\n\t<meta property=\"og:image:height\" content=\"512\" \/>\n\t<meta property=\"og:image:type\" content=\"image\/png\" \/>\n<meta name=\"twitter:card\" content=\"summary_large_image\" \/>\n<meta name=\"twitter:label1\" content=\"Est. reading time\" \/>\n\t<meta name=\"twitter:data1\" content=\"2 minutes\" \/>\n<script type=\"application\/ld+json\" class=\"yoast-schema-graph\">{\"@context\":\"https:\/\/schema.org\",\"@graph\":[{\"@type\":\"WebPage\",\"@id\":\"https:\/\/www.tercognita.com\/en\/asset-property-management\/\",\"url\":\"https:\/\/www.tercognita.com\/en\/asset-property-management\/\",\"name\":\"Asset & property management - TER COGNITA\",\"isPartOf\":{\"@id\":\"https:\/\/www.tercognita.com\/#website\"},\"datePublished\":\"2016-07-11T07:29:16+00:00\",\"dateModified\":\"2021-07-12T14:38:36+00:00\",\"breadcrumb\":{\"@id\":\"https:\/\/www.tercognita.com\/en\/asset-property-management\/#breadcrumb\"},\"inLanguage\":\"en-US\",\"potentialAction\":[{\"@type\":\"ReadAction\",\"target\":[\"https:\/\/www.tercognita.com\/en\/asset-property-management\/\"]}]},{\"@type\":\"BreadcrumbList\",\"@id\":\"https:\/\/www.tercognita.com\/en\/asset-property-management\/#breadcrumb\",\"itemListElement\":[{\"@type\":\"ListItem\",\"position\":1,\"name\":\"Accueil\",\"item\":\"https:\/\/www.tercognita.com\/en\/\"},{\"@type\":\"ListItem\",\"position\":2,\"name\":\"Asset &#038; property management\"}]},{\"@type\":\"WebSite\",\"@id\":\"https:\/\/www.tercognita.com\/#website\",\"url\":\"https:\/\/www.tercognita.com\/\",\"name\":\"TER COGNITA\",\"description\":\"De l\u2019investissement priv\u00e9 \u00e0 la strat\u00e9gie immobili\u00e8re des grandes entreprises,\",\"publisher\":{\"@id\":\"https:\/\/www.tercognita.com\/#organization\"},\"potentialAction\":[{\"@type\":\"SearchAction\",\"target\":{\"@type\":\"EntryPoint\",\"urlTemplate\":\"https:\/\/www.tercognita.com\/?s={search_term_string}\"},\"query-input\":{\"@type\":\"PropertyValueSpecification\",\"valueRequired\":true,\"valueName\":\"search_term_string\"}}],\"inLanguage\":\"en-US\"},{\"@type\":\"Organization\",\"@id\":\"https:\/\/www.tercognita.com\/#organization\",\"name\":\"TER COGNITA\",\"url\":\"https:\/\/www.tercognita.com\/\",\"logo\":{\"@type\":\"ImageObject\",\"inLanguage\":\"en-US\",\"@id\":\"https:\/\/www.tercognita.com\/#\/schema\/logo\/image\/\",\"url\":\"https:\/\/www.tercognita.com\/wp-content\/uploads\/2016\/08\/cropped-logo-512-1.png\",\"contentUrl\":\"https:\/\/www.tercognita.com\/wp-content\/uploads\/2016\/08\/cropped-logo-512-1.png\",\"width\":512,\"height\":512,\"caption\":\"TER COGNITA\"},\"image\":{\"@id\":\"https:\/\/www.tercognita.com\/#\/schema\/logo\/image\/\"}}]}<\/script>\n<!-- \/ Yoast SEO plugin. -->","yoast_head_json":{"title":"Asset & property management - TER COGNITA","robots":{"index":"index","follow":"follow","max-snippet":"max-snippet:-1","max-image-preview":"max-image-preview:large","max-video-preview":"max-video-preview:-1"},"canonical":"https:\/\/www.tercognita.com\/en\/asset-property-management\/","og_locale":"en_US","og_type":"article","og_title":"Asset & property management - TER COGNITA","og_url":"https:\/\/www.tercognita.com\/en\/asset-property-management\/","og_site_name":"TER COGNITA","article_modified_time":"2021-07-12T14:38:36+00:00","og_image":[{"width":512,"height":512,"url":"https:\/\/www.tercognita.com\/wp-content\/uploads\/2016\/08\/cropped-logo-512-1.png","type":"image\/png"}],"twitter_card":"summary_large_image","twitter_misc":{"Est. reading time":"2 minutes"},"schema":{"@context":"https:\/\/schema.org","@graph":[{"@type":"WebPage","@id":"https:\/\/www.tercognita.com\/en\/asset-property-management\/","url":"https:\/\/www.tercognita.com\/en\/asset-property-management\/","name":"Asset & property management - TER COGNITA","isPartOf":{"@id":"https:\/\/www.tercognita.com\/#website"},"datePublished":"2016-07-11T07:29:16+00:00","dateModified":"2021-07-12T14:38:36+00:00","breadcrumb":{"@id":"https:\/\/www.tercognita.com\/en\/asset-property-management\/#breadcrumb"},"inLanguage":"en-US","potentialAction":[{"@type":"ReadAction","target":["https:\/\/www.tercognita.com\/en\/asset-property-management\/"]}]},{"@type":"BreadcrumbList","@id":"https:\/\/www.tercognita.com\/en\/asset-property-management\/#breadcrumb","itemListElement":[{"@type":"ListItem","position":1,"name":"Accueil","item":"https:\/\/www.tercognita.com\/en\/"},{"@type":"ListItem","position":2,"name":"Asset &#038; property management"}]},{"@type":"WebSite","@id":"https:\/\/www.tercognita.com\/#website","url":"https:\/\/www.tercognita.com\/","name":"TER COGNITA","description":"De l\u2019investissement priv\u00e9 \u00e0 la strat\u00e9gie immobili\u00e8re des grandes entreprises,","publisher":{"@id":"https:\/\/www.tercognita.com\/#organization"},"potentialAction":[{"@type":"SearchAction","target":{"@type":"EntryPoint","urlTemplate":"https:\/\/www.tercognita.com\/?s={search_term_string}"},"query-input":{"@type":"PropertyValueSpecification","valueRequired":true,"valueName":"search_term_string"}}],"inLanguage":"en-US"},{"@type":"Organization","@id":"https:\/\/www.tercognita.com\/#organization","name":"TER COGNITA","url":"https:\/\/www.tercognita.com\/","logo":{"@type":"ImageObject","inLanguage":"en-US","@id":"https:\/\/www.tercognita.com\/#\/schema\/logo\/image\/","url":"https:\/\/www.tercognita.com\/wp-content\/uploads\/2016\/08\/cropped-logo-512-1.png","contentUrl":"https:\/\/www.tercognita.com\/wp-content\/uploads\/2016\/08\/cropped-logo-512-1.png","width":512,"height":512,"caption":"TER COGNITA"},"image":{"@id":"https:\/\/www.tercognita.com\/#\/schema\/logo\/image\/"}}]}},"_links":{"self":[{"href":"https:\/\/www.tercognita.com\/en\/wp-json\/wp\/v2\/pages\/1633","targetHints":{"allow":["GET"]}}],"collection":[{"href":"https:\/\/www.tercognita.com\/en\/wp-json\/wp\/v2\/pages"}],"about":[{"href":"https:\/\/www.tercognita.com\/en\/wp-json\/wp\/v2\/types\/page"}],"author":[{"embeddable":true,"href":"https:\/\/www.tercognita.com\/en\/wp-json\/wp\/v2\/users\/1"}],"replies":[{"embeddable":true,"href":"https:\/\/www.tercognita.com\/en\/wp-json\/wp\/v2\/comments?post=1633"}],"version-history":[{"count":6,"href":"https:\/\/www.tercognita.com\/en\/wp-json\/wp\/v2\/pages\/1633\/revisions"}],"predecessor-version":[{"id":2059,"href":"https:\/\/www.tercognita.com\/en\/wp-json\/wp\/v2\/pages\/1633\/revisions\/2059"}],"wp:attachment":[{"href":"https:\/\/www.tercognita.com\/en\/wp-json\/wp\/v2\/media?parent=1633"}],"curies":[{"name":"wp","href":"https:\/\/api.w.org\/{rel}","templated":true}]}}