{"id":1517,"date":"2016-07-09T23:29:56","date_gmt":"2016-07-09T21:29:56","guid":{"rendered":"http:\/\/v2.tercognita.com\/en\/?page_id=1517"},"modified":"2021-07-12T16:38:36","modified_gmt":"2021-07-12T14:38:36","slug":"contact","status":"publish","type":"page","link":"https:\/\/www.tercognita.com\/en\/contact\/","title":{"rendered":"Contact"},"content":{"rendered":"<p><div class=\"fusion-fullwidth fullwidth-box fusion-builder-row-1 fusion-parallax-none div-opaque nonhundred-percent-fullwidth non-hundred-percent-height-scrolling\" style=\"background-color: rgba(255,255,255,0);background-image: url(&quot;https:\/\/www.tercognita.com\/wp-content\/uploads\/2015\/02\/tercognita-contact-1024x368.jpg&quot;);background-position: center bottom;background-repeat: no-repeat;padding-top:30px;padding-right:30px;padding-bottom:110px;padding-left:30px;margin-bottom: 0px;margin-top: 0px;border-width: 0px 0px 0px 0px;border-color:#eae9e9;border-style:solid;-webkit-background-size:cover;-moz-background-size:cover;-o-background-size:cover;background-size:cover;\" ><div class=\"fusion-builder-row fusion-row\"><div class=\"fusion-layout-column fusion_builder_column fusion-builder-column-0 fusion_builder_column_1_1 1_1 fusion-one-full fusion-column-first fusion-column-last fusion-column-no-min-height\" style=\"margin-top:0px;margin-bottom:0px;\"><div class=\"fusion-column-wrapper fusion-flex-column-wrapper-legacy\" style=\"background-position:left top;background-repeat:no-repeat;-webkit-background-size:cover;-moz-background-size:cover;-o-background-size:cover;background-size:cover;padding: 0px 0px 0px 0px;\"><div class=\"fusion-text fusion-text-1\"><h2><span style=\"color: #ffffff;\">Contact-us<\/span><\/h2>\n<p><span style=\"color: #ffffff;\"><br \/>\nPlease fill the form below :<br \/>\n<\/span><\/p>\n<\/div><div class=\"fusion-sep-clear\"><\/div><div class=\"fusion-separator fusion-full-width-sep\" style=\"margin-left: auto;margin-right: auto;margin-top:20px;width:100%;\"><\/div><div class=\"fusion-sep-clear\"><\/div><div class=\"fusion-clearfix\"><\/div><\/div><\/div><div class=\"fusion-layout-column fusion_builder_column fusion-builder-column-1 fusion_builder_column_1_2 1_2 fusion-one-half fusion-column-first form-black\" style=\"width:48%; margin-right: 4%;margin-top:0px;margin-bottom:20px;\"><div class=\"fusion-column-wrapper fusion-flex-column-wrapper-legacy\" style=\"background-position:left top;background-repeat:no-repeat;-webkit-background-size:cover;-moz-background-size:cover;-o-background-size:cover;background-size:cover;padding: 0px 0px 0px 0px;\">\n<div class=\"wpcf7 no-js\" id=\"wpcf7-f1520-o1\" lang=\"fr-FR\" dir=\"ltr\" data-wpcf7-id=\"1520\">\n<div class=\"screen-reader-response\"><p role=\"status\" aria-live=\"polite\" aria-atomic=\"true\"><\/p> <ul><\/ul><\/div>\n<form action=\"\/en\/wp-json\/wp\/v2\/pages\/1517#wpcf7-f1520-o1\" method=\"post\" class=\"wpcf7-form init\" aria-label=\"Formulaire de contact\" novalidate=\"novalidate\" data-status=\"init\">\n<fieldset class=\"hidden-fields-container\"><input type=\"hidden\" name=\"_wpcf7\" value=\"1520\" \/><input type=\"hidden\" name=\"_wpcf7_version\" value=\"6.1.1\" \/><input type=\"hidden\" name=\"_wpcf7_locale\" value=\"fr_FR\" \/><input type=\"hidden\" name=\"_wpcf7_unit_tag\" value=\"wpcf7-f1520-o1\" \/><input type=\"hidden\" name=\"_wpcf7_container_post\" value=\"0\" \/><input type=\"hidden\" name=\"_wpcf7_posted_data_hash\" value=\"\" \/><input type=\"hidden\" name=\"_wpcf7_recaptcha_response\" value=\"\" \/>\n<\/fieldset>\n<p>Your name (mandatory)\n<\/p>\n<p><span class=\"wpcf7-form-control-wrap\" data-name=\"your-name\"><input size=\"40\" maxlength=\"400\" class=\"wpcf7-form-control wpcf7-text wpcf7-validates-as-required\" aria-required=\"true\" aria-invalid=\"false\" value=\"\" type=\"text\" name=\"your-name\" \/><\/span>\n<\/p>\n<p>Your email (mandatory)\n<\/p>\n<p><span class=\"wpcf7-form-control-wrap\" data-name=\"your-email\"><input size=\"40\" maxlength=\"400\" class=\"wpcf7-form-control wpcf7-email wpcf7-validates-as-required wpcf7-text wpcf7-validates-as-email\" aria-required=\"true\" aria-invalid=\"false\" value=\"\" type=\"email\" name=\"your-email\" \/><\/span>\n<\/p>\n<p>Subject (mandatory)\n<\/p>\n<p><span class=\"wpcf7-form-control-wrap\" data-name=\"your-subject\"><input size=\"40\" maxlength=\"400\" class=\"wpcf7-form-control wpcf7-text\" aria-invalid=\"false\" value=\"\" type=\"text\" name=\"your-subject\" \/><\/span>\n<\/p>\n<p>Your message\n<\/p>\n<p><span class=\"wpcf7-form-control-wrap\" data-name=\"your-message\"><textarea cols=\"40\" rows=\"10\" maxlength=\"2000\" class=\"wpcf7-form-control wpcf7-textarea\" aria-invalid=\"false\" name=\"your-message\"><\/textarea><\/span>\n<\/p>\n<p><br \/>\n<span class=\"wpcf7-form-control-wrap\" data-name=\"acceptance-cgv\"><span class=\"wpcf7-form-control wpcf7-acceptance\"><span class=\"wpcf7-list-item\"><label><input type=\"checkbox\" name=\"acceptance-cgv\" value=\"1\" aria-invalid=\"false\" \/><span class=\"wpcf7-list-item-label\">I accept the conditions of use of my data *<\/span><\/label><\/span><\/span><\/span>\n<\/p>\n<p><input class=\"wpcf7-form-control wpcf7-submit has-spinner\" type=\"submit\" value=\"Send\" \/>\n<\/p>\n<p><br \/>\n* Your information is listed in a file hosted by Ter Cognita so that it can accompany you within your real estate project according to your criteria. You have the right to access, rectify or delete your data at any time upon request sent to the company Ter Cognita via the contact form. From then on, the publisher of the site will communicate you, rectify or delete your data. We remind you that there is a list of opposition to the telephone soliciting Bloctel on which you can register.\n<\/p><div class=\"fusion-alert alert custom alert-custom fusion-alert-center wpcf7-response-output alert-dismissable\" style=\"border-width:1px;\"><button type=\"button\" class=\"close toggle-alert\" data-dismiss=\"alert\" aria-label=\"Close\">&times;<\/button><div class=\"fusion-alert-content-wrapper\"><span class=\"fusion-alert-content\"><\/span><\/div><\/div>\n<\/form>\n<\/div>\n<div class=\"fusion-clearfix\"><\/div><\/div><\/div><div class=\"fusion-layout-column fusion_builder_column fusion-builder-column-2 fusion_builder_column_1_2 1_2 fusion-one-half fusion-column-last\" style=\"width:48%;margin-top:0px;margin-bottom:20px;\"><div class=\"fusion-column-wrapper fusion-flex-column-wrapper-legacy\" style=\"background-position:left top;background-repeat:no-repeat;-webkit-background-size:cover;-moz-background-size:cover;-o-background-size:cover;background-size:cover;padding: 0px 0px 0px 0px;\"><div class=\"fusion-text fusion-text-2\"><div style=\"background: rgba(182, 188, 224, 0.4); padding: 10px; font-size: 24px; color: #ffffff;\"><img decoding=\"async\" src=\"\/wp-content\/uploads\/2016\/06\/logo-tercognita-34.png\" alt=\"TER COGNITA\" \/><\/div>\n<p><span style=\"font-size: 24px; color: #ffffff;\"> 41 rue d&#8217;Aguesseau,<\/span><br \/>\n<span style=\"font-size: 24px; color: #ffffff;\"> 92100 BOULOGNE-BILLANCOURT <\/span><br \/>\n<span style=\"font-size: 24px; color: #ffffff;\"> <i class=\"fa fa-phone\"><\/i> +33(0)1.48.25.54.12 <\/span><br \/>\n<span style=\"font-size: 24px; color: #ffffff;\"> <i class=\"fa fa-phone\"><\/i> +33(0)1.48.25.93.33<\/span><\/p>\n<\/div>\t\t\t\t\t<script type=\"text\/javascript\">\n\t\t\t\t\t\tvar map_fusion_map_69e278cd818ae;\n\t\t\t\t\t\tvar markers = [];\n\t\t\t\t\t\tvar counter = 0;\n\t\t\t\t\t\t\t\t\t\t\t\t\t\t\t\t\t\t\t\tvar fusionMapNonce = '91fa0337a2';\n\t\t\t\t\t\t\t\t\t\t\t\tfunction fusion_run_map_fusion_map_69e278cd818ae() {\n\t\t\t\t\t\t\tjQuery('#fusion_map_69e278cd818ae').fusion_maps({\n\t\t\t\t\t\t\t\taddresses: [{\"address\":\"Ter Cognita,41 rue d'Aguesseau, BOULOGNE-BILLANCOURT, France\",\"infobox_content\":\"\",\"marker\":\"https:\\\/\\\/www.tercognita.com\\\/wp-content\\\/uploads\\\/2015\\\/02\\\/map-marker-1.png\",\"coordinates\":false,\"cache\":false}],\n\t\t\t\t\t\t\t\tanimations: true,\n\t\t\t\t\t\t\t\tinfobox_background_color: '',\n\t\t\t\t\t\t\t\tinfobox_styling: 'default',\n\t\t\t\t\t\t\t\tinfobox_text_color: '',\n\t\t\t\t\t\t\t\tmap_style: 'custom',\n\t\t\t\t\t\t\t\tmap_type: 'terrain',\n\t\t\t\t\t\t\t\tmarker_icon: 'https:\/\/www.tercognita.com\/wp-content\/uploads\/2015\/02\/map-marker-1.png',\n\t\t\t\t\t\t\t\toverlay_color: '',\n\t\t\t\t\t\t\t\toverlay_color_hsl: {\"hue\":0,\"sat\":0,\"lum\":100},\n\t\t\t\t\t\t\t\tpan_control: false,\n\t\t\t\t\t\t\t\tshow_address: false,\n\t\t\t\t\t\t\t\tscale_control: false,\n\t\t\t\t\t\t\t\tscrollwheel: false,\n\t\t\t\t\t\t\t\tzoom: 12,\n\t\t\t\t\t\t\t\tzoom_control: false,\n\t\t\t\t\t\t\t});\n\t\t\t\t\t\t}\n\n\t\t\t\t\t\tgoogle.maps.event.addDomListener(window, 'load', fusion_run_map_fusion_map_69e278cd818ae);\n\t\t\t\t\t<\/script>\n\t\t\t\t\t<div class=\"shortcode-map fusion-google-map fusion-maps-js-type\" id=\"fusion_map_69e278cd818ae\" style=\"height:240px;width:100%;\"><\/div><div class=\"fusion-clearfix\"><\/div><\/div><\/div><\/div><\/div><div class=\"fusion-fullwidth fullwidth-box fusion-builder-row-2 hundred-percent-fullwidth non-hundred-percent-height-scrolling\" style=\"background-color: rgba(255,255,255,0);background-position: center center;background-repeat: no-repeat;padding-top:0px;padding-right:30px;padding-bottom:0px;padding-left:30px;margin-bottom: 0px;margin-top: 0px;border-width: 0px 0px 0px 0px;border-color:#eae9e9;border-style:solid;\" ><div class=\"fusion-builder-row fusion-row\"><div class=\"fusion-layout-column fusion_builder_column fusion-builder-column-3 fusion_builder_column_1_1 1_1 fusion-one-full fusion-column-first fusion-column-last fusion-column-no-min-height\" style=\"margin-top:0px;margin-bottom:0px;\"><div class=\"fusion-column-wrapper fusion-flex-column-wrapper-legacy\" style=\"background-position:left top;background-repeat:no-repeat;-webkit-background-size:cover;-moz-background-size:cover;-o-background-size:cover;background-size:cover;padding: 0px 0px 0px 0px;\"><div class=\"fusion-text fusion-text-3\"><p>\u00a0<\/p>\n<\/div><div class=\"fusion-clearfix\"><\/div><\/div><\/div><\/div><style type=\"text\/css\">.fusion-fullwidth.fusion-builder-row-2 { overflow:visible; }<\/style><\/div><\/p>\n","protected":false},"excerpt":{"rendered":"","protected":false},"author":1,"featured_media":0,"parent":0,"menu_order":0,"comment_status":"closed","ping_status":"open","template":"100-width.php","meta":{"footnotes":""},"class_list":["post-1517","page","type-page","status-publish","hentry"],"yoast_head":"<!-- This site is optimized with the Yoast SEO plugin v25.7 - https:\/\/yoast.com\/wordpress\/plugins\/seo\/ -->\n<title>Contact - TER COGNITA<\/title>\n<meta name=\"robots\" content=\"index, follow, max-snippet:-1, max-image-preview:large, max-video-preview:-1\" \/>\n<link rel=\"canonical\" href=\"https:\/\/www.tercognita.com\/en\/contact\/\" \/>\n<meta property=\"og:locale\" content=\"en_US\" \/>\n<meta property=\"og:type\" content=\"article\" \/>\n<meta property=\"og:title\" content=\"Contact - TER COGNITA\" \/>\n<meta property=\"og:url\" content=\"https:\/\/www.tercognita.com\/en\/contact\/\" \/>\n<meta property=\"og:site_name\" content=\"TER COGNITA\" \/>\n<meta property=\"article:modified_time\" content=\"2021-07-12T14:38:36+00:00\" \/>\n<meta property=\"og:image\" content=\"https:\/\/www.tercognita.com\/wp-content\/uploads\/2016\/08\/cropped-logo-512-1.png\" \/>\n\t<meta property=\"og:image:width\" content=\"512\" \/>\n\t<meta property=\"og:image:height\" content=\"512\" \/>\n\t<meta property=\"og:image:type\" content=\"image\/png\" \/>\n<meta name=\"twitter:card\" content=\"summary_large_image\" \/>\n<meta name=\"twitter:label1\" content=\"Est. reading time\" \/>\n\t<meta name=\"twitter:data1\" content=\"2 minutes\" \/>\n<script type=\"application\/ld+json\" class=\"yoast-schema-graph\">{\"@context\":\"https:\/\/schema.org\",\"@graph\":[{\"@type\":\"WebPage\",\"@id\":\"https:\/\/www.tercognita.com\/en\/contact\/\",\"url\":\"https:\/\/www.tercognita.com\/en\/contact\/\",\"name\":\"Contact - TER COGNITA\",\"isPartOf\":{\"@id\":\"https:\/\/www.tercognita.com\/#website\"},\"datePublished\":\"2016-07-09T21:29:56+00:00\",\"dateModified\":\"2021-07-12T14:38:36+00:00\",\"breadcrumb\":{\"@id\":\"https:\/\/www.tercognita.com\/en\/contact\/#breadcrumb\"},\"inLanguage\":\"en-US\",\"potentialAction\":[{\"@type\":\"ReadAction\",\"target\":[\"https:\/\/www.tercognita.com\/en\/contact\/\"]}]},{\"@type\":\"BreadcrumbList\",\"@id\":\"https:\/\/www.tercognita.com\/en\/contact\/#breadcrumb\",\"itemListElement\":[{\"@type\":\"ListItem\",\"position\":1,\"name\":\"Accueil\",\"item\":\"https:\/\/www.tercognita.com\/en\/\"},{\"@type\":\"ListItem\",\"position\":2,\"name\":\"Contact\"}]},{\"@type\":\"WebSite\",\"@id\":\"https:\/\/www.tercognita.com\/#website\",\"url\":\"https:\/\/www.tercognita.com\/\",\"name\":\"TER COGNITA\",\"description\":\"De l\u2019investissement priv\u00e9 \u00e0 la strat\u00e9gie immobili\u00e8re des grandes entreprises,\",\"publisher\":{\"@id\":\"https:\/\/www.tercognita.com\/#organization\"},\"potentialAction\":[{\"@type\":\"SearchAction\",\"target\":{\"@type\":\"EntryPoint\",\"urlTemplate\":\"https:\/\/www.tercognita.com\/?s={search_term_string}\"},\"query-input\":{\"@type\":\"PropertyValueSpecification\",\"valueRequired\":true,\"valueName\":\"search_term_string\"}}],\"inLanguage\":\"en-US\"},{\"@type\":\"Organization\",\"@id\":\"https:\/\/www.tercognita.com\/#organization\",\"name\":\"TER COGNITA\",\"url\":\"https:\/\/www.tercognita.com\/\",\"logo\":{\"@type\":\"ImageObject\",\"inLanguage\":\"en-US\",\"@id\":\"https:\/\/www.tercognita.com\/#\/schema\/logo\/image\/\",\"url\":\"https:\/\/www.tercognita.com\/wp-content\/uploads\/2016\/08\/cropped-logo-512-1.png\",\"contentUrl\":\"https:\/\/www.tercognita.com\/wp-content\/uploads\/2016\/08\/cropped-logo-512-1.png\",\"width\":512,\"height\":512,\"caption\":\"TER COGNITA\"},\"image\":{\"@id\":\"https:\/\/www.tercognita.com\/#\/schema\/logo\/image\/\"}}]}<\/script>\n<!-- \/ Yoast SEO plugin. -->","yoast_head_json":{"title":"Contact - TER COGNITA","robots":{"index":"index","follow":"follow","max-snippet":"max-snippet:-1","max-image-preview":"max-image-preview:large","max-video-preview":"max-video-preview:-1"},"canonical":"https:\/\/www.tercognita.com\/en\/contact\/","og_locale":"en_US","og_type":"article","og_title":"Contact - TER COGNITA","og_url":"https:\/\/www.tercognita.com\/en\/contact\/","og_site_name":"TER COGNITA","article_modified_time":"2021-07-12T14:38:36+00:00","og_image":[{"width":512,"height":512,"url":"https:\/\/www.tercognita.com\/wp-content\/uploads\/2016\/08\/cropped-logo-512-1.png","type":"image\/png"}],"twitter_card":"summary_large_image","twitter_misc":{"Est. reading time":"2 minutes"},"schema":{"@context":"https:\/\/schema.org","@graph":[{"@type":"WebPage","@id":"https:\/\/www.tercognita.com\/en\/contact\/","url":"https:\/\/www.tercognita.com\/en\/contact\/","name":"Contact - TER COGNITA","isPartOf":{"@id":"https:\/\/www.tercognita.com\/#website"},"datePublished":"2016-07-09T21:29:56+00:00","dateModified":"2021-07-12T14:38:36+00:00","breadcrumb":{"@id":"https:\/\/www.tercognita.com\/en\/contact\/#breadcrumb"},"inLanguage":"en-US","potentialAction":[{"@type":"ReadAction","target":["https:\/\/www.tercognita.com\/en\/contact\/"]}]},{"@type":"BreadcrumbList","@id":"https:\/\/www.tercognita.com\/en\/contact\/#breadcrumb","itemListElement":[{"@type":"ListItem","position":1,"name":"Accueil","item":"https:\/\/www.tercognita.com\/en\/"},{"@type":"ListItem","position":2,"name":"Contact"}]},{"@type":"WebSite","@id":"https:\/\/www.tercognita.com\/#website","url":"https:\/\/www.tercognita.com\/","name":"TER COGNITA","description":"De l\u2019investissement priv\u00e9 \u00e0 la strat\u00e9gie immobili\u00e8re des grandes entreprises,","publisher":{"@id":"https:\/\/www.tercognita.com\/#organization"},"potentialAction":[{"@type":"SearchAction","target":{"@type":"EntryPoint","urlTemplate":"https:\/\/www.tercognita.com\/?s={search_term_string}"},"query-input":{"@type":"PropertyValueSpecification","valueRequired":true,"valueName":"search_term_string"}}],"inLanguage":"en-US"},{"@type":"Organization","@id":"https:\/\/www.tercognita.com\/#organization","name":"TER COGNITA","url":"https:\/\/www.tercognita.com\/","logo":{"@type":"ImageObject","inLanguage":"en-US","@id":"https:\/\/www.tercognita.com\/#\/schema\/logo\/image\/","url":"https:\/\/www.tercognita.com\/wp-content\/uploads\/2016\/08\/cropped-logo-512-1.png","contentUrl":"https:\/\/www.tercognita.com\/wp-content\/uploads\/2016\/08\/cropped-logo-512-1.png","width":512,"height":512,"caption":"TER COGNITA"},"image":{"@id":"https:\/\/www.tercognita.com\/#\/schema\/logo\/image\/"}}]}},"_links":{"self":[{"href":"https:\/\/www.tercognita.com\/en\/wp-json\/wp\/v2\/pages\/1517","targetHints":{"allow":["GET"]}}],"collection":[{"href":"https:\/\/www.tercognita.com\/en\/wp-json\/wp\/v2\/pages"}],"about":[{"href":"https:\/\/www.tercognita.com\/en\/wp-json\/wp\/v2\/types\/page"}],"author":[{"embeddable":true,"href":"https:\/\/www.tercognita.com\/en\/wp-json\/wp\/v2\/users\/1"}],"replies":[{"embeddable":true,"href":"https:\/\/www.tercognita.com\/en\/wp-json\/wp\/v2\/comments?post=1517"}],"version-history":[{"count":3,"href":"https:\/\/www.tercognita.com\/en\/wp-json\/wp\/v2\/pages\/1517\/revisions"}],"predecessor-version":[{"id":2061,"href":"https:\/\/www.tercognita.com\/en\/wp-json\/wp\/v2\/pages\/1517\/revisions\/2061"}],"wp:attachment":[{"href":"https:\/\/www.tercognita.com\/en\/wp-json\/wp\/v2\/media?parent=1517"}],"curies":[{"name":"wp","href":"https:\/\/api.w.org\/{rel}","templated":true}]}}